{"id":22,"date":"2019-10-10T08:03:23","date_gmt":"2019-10-10T08:03:23","guid":{"rendered":"http:\/\/natascha-peters-wendt.at\/?page_id=22"},"modified":"2026-04-13T15:21:38","modified_gmt":"2026-04-13T15:21:38","slug":"meine-angebote","status":"publish","type":"page","link":"https:\/\/natascha-peters-wendt.at\/?page_id=22","title":{"rendered":"Meine Angebote"},"content":{"rendered":"\n<p><strong>Meine Angebote<\/strong><\/p>\n\n\n\n<ul class=\"wp-block-list\">\n<li><a href=\"https:\/\/natascha-peters-wendt.at\/?page_id=113\">Natur und Klimaf\u00fchrungen <\/a>f\u00fcr Schulklassen und Kinderg\u00e4rten<\/li>\n\n\n\n<li><a href=\"https:\/\/natascha-peters-wendt.at\/?page_id=118\">Teamentwicklung mit Elementen aus LandArt <\/a>zur Verbesserung des Zusammenhalts in Schulklassen, Schulteams, Kinderg\u00e4rten, Firmen und NGOs<\/li>\n\n\n\n<li><a href=\"https:\/\/natascha-peters-wendt.at\/?page_id=122\">Ferientage<\/a> in der Natur <\/li>\n\n\n\n<li><a href=\"https:\/\/natascha-peters-wendt.at\/?page_id=129\">Naturwahrnehmung und Sinneswahrnehmung<\/a><strong>   <\/strong><\/li>\n\n\n\n<li><a href=\"https:\/\/natascha-peters-wendt.at\/?page_id=144\">Bewegungs &#8211; und Achtsamkeitsschulung<\/a><\/li>\n\n\n\n<li>Wandern mit <a href=\"https:\/\/natascha-peters-wendt.at\/?page_id=134\">Selbsterfahrung<\/a> <\/li>\n\n\n\n<li>Vermittlung von <a href=\"https:\/\/natascha-peters-wendt.at\/?page_id=139\">Natur-und Klimathemen<\/a> f\u00fcr P\u00e4dagogInnen und Naturvermittler:innen<\/li>\n<\/ul>\n\n\n\n<p><strong>Referenzen f\u00fcr die Themenbereiche Teamentwicklung und Naturvermittlung <\/strong><\/p>\n\n\n\n<p>Alpenvereinsakademie, Universit\u00e4tssportinstitut Wien, Naturpark Sparbach, Firma LACON, P\u00e4dagogische Hochschule Wien und Eisenstadt, Fonds gesundes \u00d6sterreich, Institut f\u00fcr Freizeitp\u00e4dagogik, Die Umweltsp\u00fcrnasen, Magistrat 22, Magistrat 11, diverse Volksschulen in Wien, Kindergruppe WOMIKI, Kindergarten HASENB\u00c4REN, VHS Wien, etc.<\/p>\n\n\n\n<p><strong>Zitate von KundInnen<\/strong><\/p>\n\n\n\n<p><\/p>\n\n\n\n<p>&#8222;Sch\u00f6ne Inputs f\u00fcr ein ganzes Leben. Danke , dass ich Dich ein St\u00fcck deines Weges begleiten durfte.&#8220; (Seminar &#8222;Gruppen &#8211; Begleiten, Alpenvereinsakademie)<\/p>\n\n\n\n<p>\u201eDanke f\u00fcr das Seminar, ich habe mich jetzt wieder ein St\u00fcckchen besser kennengelernt\u201c<\/p>\n\n\n\n<p>\u201eDanke f\u00fcr die Vielzahl an unterschiedlichen Methoden die Du\nbehutsam in die Gruppe eingebracht hast\u201c<br>\n(Seminar Yoga und Wandern mit Aspekten aus der Selbsterfahrung,\nAlpenvereinsakademie)<\/p>\n\n\n\n<p>\u201eUns hat am Besten der Wald gefallen und das gemeinsame Bauen des Igelhauses\u201c<br> (Volksschulklasse im Rahmen der Erlebnistouren)<\/p>\n\n\n\n<p>\u201eMir hat am besten das Spiel mit dem Eichh\u00f6rnchen gefallen\u201c<br> (Volksschulklasse) <\/p>\n\n\n\n<p>\u201eIch fand es gro\u00dfartig, dass die Kinder frei im Wald spielen durften\u201c<br> (Lehrerin einer Volksschulklasse) <\/p>\n","protected":false},"excerpt":{"rendered":"<p>Meine Angebote Referenzen f\u00fcr die Themenbereiche Teamentwicklung und Naturvermittlung Alpenvereinsakademie, Universit\u00e4tssportinstitut Wien, Naturpark Sparbach, Firma LACON, P\u00e4dagogische Hochschule Wien und Eisenstadt, Fonds gesundes \u00d6sterreich, Institut f\u00fcr Freizeitp\u00e4dagogik, Die Umweltsp\u00fcrnasen, Magistrat 22, Magistrat 11, diverse Volksschulen in Wien, Kindergruppe WOMIKI, Kindergarten HASENB\u00c4REN, VHS Wien, etc. Zitate von KundInnen &#8222;Sch\u00f6ne Inputs f\u00fcr ein ganzes Leben. Danke , &hellip; <\/p>\n<p class=\"link-more\"><a href=\"https:\/\/natascha-peters-wendt.at\/?page_id=22\" class=\"more-link\"><span class=\"screen-reader-text\">\u201eMeine Angebote\u201c <\/span>weiterlesen<\/a><\/p>\n","protected":false},"author":1,"featured_media":0,"parent":0,"menu_order":0,"comment_status":"closed","ping_status":"closed","template":"","meta":{"footnotes":""},"class_list":["post-22","page","type-page","status-publish","hentry"],"_links":{"self":[{"href":"https:\/\/natascha-peters-wendt.at\/index.php?rest_route=\/wp\/v2\/pages\/22","targetHints":{"allow":["GET"]}}],"collection":[{"href":"https:\/\/natascha-peters-wendt.at\/index.php?rest_route=\/wp\/v2\/pages"}],"about":[{"href":"https:\/\/natascha-peters-wendt.at\/index.php?rest_route=\/wp\/v2\/types\/page"}],"author":[{"embeddable":true,"href":"https:\/\/natascha-peters-wendt.at\/index.php?rest_route=\/wp\/v2\/users\/1"}],"replies":[{"embeddable":true,"href":"https:\/\/natascha-peters-wendt.at\/index.php?rest_route=%2Fwp%2Fv2%2Fcomments&post=22"}],"version-history":[{"count":19,"href":"https:\/\/natascha-peters-wendt.at\/index.php?rest_route=\/wp\/v2\/pages\/22\/revisions"}],"predecessor-version":[{"id":164,"href":"https:\/\/natascha-peters-wendt.at\/index.php?rest_route=\/wp\/v2\/pages\/22\/revisions\/164"}],"wp:attachment":[{"href":"https:\/\/natascha-peters-wendt.at\/index.php?rest_route=%2Fwp%2Fv2%2Fmedia&parent=22"}],"curies":[{"name":"wp","href":"https:\/\/api.w.org\/{rel}","templated":true}]}}